{"id":7119,"date":"2024-09-09T10:25:48","date_gmt":"2024-09-09T17:25:48","guid":{"rendered":"https:\/\/mercyships.onpressidium.com\/?page_id=7119"},"modified":"2025-10-23T16:05:21","modified_gmt":"2025-10-23T23:05:21","slug":"sidiief","status":"publish","type":"page","link":"https:\/\/mercyships.ca\/en\/sidiief\/","title":{"rendered":"SIDIIEF"},"content":{"rendered":"\r\n<h1>\r\n\t\t\t8\u00e8me Congr\u00e8s du SIDIIEF\t<\/h1>\r\n\t\t\t\t<img decoding=\"async\" src=\"https:\/\/mercyships.ca\/wp-content\/uploads\/2024\/09\/Congres2022-VisuelsProgramme-PS2000.jpg\" alt=\"Congres2022-VisuelsProgramme PS2000\" itemprop=\"image\" height=\"1125\" width=\"2000\" title=\"Congres2022-VisuelsProgramme PS2000\" onerror=\"this.style.display='none'\" loading='lazy' \/>\r\n\t<p>Les congr\u00e8s mondiaux triennaux du SIDIIEF sont les rendez-vous attendus de la profession infirmi\u00e8re : plus de 1500 infirmi\u00e8res et infirmiers viennent s&#8217;y inspirer et partager leurs innovations et recherches. Le 8\u1d49 Congr\u00e8s mondial aura lieu du 16 au 20 octobre 2022, \u00e0 Ottawa (Ontario, Canada). Avec pour th\u00e8me cr\u00e9er de la sant\u00e9 : la force du savoir infirmier, le SIDIIEF mettra en lumi\u00e8re l&#8217;expertise infirmi\u00e8re et sa contribution dans l&#8217;am\u00e9lioration de la sant\u00e9 des populations.<\/p>\r\n<h2>\r\n\t\t\tMercy Ships Canada devient partenaire majeur du 8\u1d49 Congr\u00e8s\t<\/h2>\r\n\t\t\t\t<img decoding=\"async\" src=\"https:\/\/mercyships.ca\/wp-content\/uploads\/2024\/09\/icon-grafik-africa-mercy-querschnitt-hospital-schiff-patienten-300x104-1.png\" alt=\"icon-grafik-africa-mercy-querschnitt-hospital-schiff-patienten-300x104\" itemprop=\"image\" height=\"104\" width=\"300\" title=\"icon-grafik-africa-mercy-querschnitt-hospital-schiff-patienten-300x104\" onerror=\"this.style.display='none'\" loading='lazy' \/>\r\n\t\u00ab Seul on va plus vite, mais ensemble on va plus loin ! \u00bb<br \/>\r\nProverbe africain\r\n\t<p>C&#8217;est une image porteuse de sens pour illustrer la relation de partenariat entre Mercy Ships Canada et le SIDIIEF qui investit temps et \u00e9nergie pour \u0153uvrer au d\u00e9veloppement de la sant\u00e9 et \u00e0 l&#8217;am\u00e9lioration des soins. Ce r\u00e9seau mondial de la profession infirmi\u00e8re s&#8217;associe \u00e0 Mercy Ships pour poursuivre son but de permettre \u00e0 la profession d&#8217;atteindre le plein potentiel de son champ d&#8217;exercice.<\/p>\r\n\t\t<iframe loading=\"lazy\" width=\"560\" height=\"315\" src=\"https:\/\/www.youtube.com\/embed\/RpDFI2luhZ8?si=3pbRiHIzyEtVuO1y\" title=\"YouTube video player\" frameborder=\"0\" allow=\"accelerometer; autoplay; clipboard-write; encrypted-media; gyroscope; picture-in-picture; web-share\" referrerpolicy=\"strict-origin-when-cross-origin\" allowfullscreen><\/iframe>\t\r\n<h3>\r\n\t\t\tVenez nous rencontrer au salon des exposants du Congr\u00e8s du SIDIIEF, kiosque num\u00e9ro 35, tout pr\u00e8s de l&#8217;Espace caf\u00e9.\t<\/h3>\r\n<h2>\r\n\t\t\tDeux activit\u00e9s offertes par Mercy Ships\t<\/h2>\r\n\t\t\t\t<img decoding=\"async\" src=\"https:\/\/mercyships.ca\/wp-content\/uploads\/2024\/09\/BEE170215_ODRY_VENTER_SURGEON_MENTORING_MO0022_HI-1024x683-1.jpg\" alt=\"Dr. Fifonsi Odry Agbessi, Benin's first and only plastic surgeon, works with Dr. Tertius Venter (ZAF) learning from him in the OR.\" itemprop=\"image\" height=\"683\" width=\"1024\" title=\"BEE170215_ODRY_VENTER_SURGEON_MENTORING_MO0022_HI-1024x683\" onerror=\"this.style.display='none'\" loading='lazy' \/>\r\n\t\t<iframe loading=\"lazy\" width=\"560\" height=\"315\" src=\"https:\/\/www.youtube.com\/embed\/WZWth2XMrkU?si=to_A83hMrgdD6VMR\" title=\"YouTube video player\" frameborder=\"0\" allow=\"accelerometer; autoplay; clipboard-write; encrypted-media; gyroscope; picture-in-picture; web-share\" referrerpolicy=\"strict-origin-when-cross-origin\" allowfullscreen><\/iframe>\t\r\n<h3>\r\n\t\t\tActivit\u00e9 de formation pr\u00e9-congr\u00e8s\t<\/h3>\r\n<h4>\r\n\t\t\tDur\u00e9e : 3h30\t<\/h4>\r\n\t<p>Mercy Ships Canada a travaill\u00e9 en collaboration avec le SIDIIEF pour offrir une formation sur-mesure visant \u00e0 mettre \u00e0 profit les comp\u00e9tences et l&#8217;expertise d\u00e9velopp\u00e9es depuis 30 ans sur le continent africain. Cette formation est donc adapt\u00e9e aux infirmi\u00e8res et infirmiers qui travaillent en Afrique et abordera le r\u00f4le des infirmi\u00e8res et infirmiers dans la s\u00e9curit\u00e9 des soins p\u00e9ri-op\u00e9ratoires.<\/p>\r\n<p>La principale formatrice de cette activit\u00e9 sera Dre Odry Agbessi, m\u00e9decin sp\u00e9cialiste en chirurgie plastique r\u00e9paratrice, CNHU-HKM du B\u00e9nin.<\/p>\r\n<p>* La participation \u00e0 cette formation donne acc\u00e8s \u00e0 une attestation de formation continue valid\u00e9e par l&#8217;Institut et Haute \u00c9cole de la Sant\u00e9 La Source de Lausanne (Suisse).<\/p>\r\n\t\t\t\t<img decoding=\"async\" src=\"https:\/\/mercyships.ca\/wp-content\/uploads\/2024\/09\/SNC220323_DECK_7_MOMENTS_WITH_PATIENTS_JM230_MID-1024x684-1.jpg\" alt=\"Aude Pull, Ward Nurse, on Deck 7. Check out our online volunteer opportunities to serve onboard a hospital ship like Aude!\" itemprop=\"image\" height=\"684\" width=\"1024\" title=\"SNC220323_DECK_7_MOMENTS_WITH_PATIENTS_JM230_MID-1024x684\" onerror=\"this.style.display='none'\" loading='lazy' \/>\r\n<h3>\r\n\t\t\tS\u00e9ance simultan\u00e9e\t<\/h3>\r\n<h4>\r\n\t\t\tDur\u00e9e : 1h30\t<\/h4>\r\n\t<p>Quatre b\u00e9n\u00e9voles de la francophonie pr\u00e9senteront leur exp\u00e9rience pour faire d\u00e9couvrir aux participantes et participants comment leur implication a impact\u00e9 leur cheminement professionnel, leurs r\u00f4les \u00e0 bord de nos navires, partager des histoires v\u00e9cues et plus encore&#8230;<\/p>\r\n<p><strong>Une membre du SIDIIEF \u00e0 bord<\/strong><\/p>\r\n<p>Aude Pull, infirmi\u00e8re, est b\u00e9n\u00e9vole \u00e0 bord de l&#8217;<em>Africa Merc<\/em>y. Elle est fran\u00e7aise et a aussi sa citoyennet\u00e9 canadienne.\u00a0Voici comment elle explique ce qui l&#8217;a encourag\u00e9e \u00e0 s&#8217;impliquer :<\/p>\r\n<p><em>\u00ab J&#8217;ai toujours r\u00eav\u00e9 de participer \u00e0 une ONG en tant qu&#8217;infirmi\u00e8re et l&#8217;humanitaire m&#8217;a toujours attir\u00e9e ! D&#8217;une part parce que mon p\u00e8re est m\u00e9decin militaire et a pass\u00e9 plus de 12 ans en Afrique, et d&#8217;autre part parce que j&#8217;aime aider et que je crois qu&#8217;une telle exp\u00e9rience peut m&#8217;apporter beaucoup, professionnellement et personnellement.\u00bb<\/em><em>\u00a0<\/em><\/p>\r\n<h2>\r\n\t\t\t\u00c0 propos du SIDIIEF\t<\/h2>\r\n\t<p>Le Secr\u00e9tariat international des infirmi\u00e8res et infirmiers de l&#8217;espace francophone (SIDIIEF) est une organisation sans but lucratif, qui a pour mission de constituer, de mobiliser et d&#8217;animer un r\u00e9seau mondial infirmier francophone de haut niveau qui r\u00e9fl\u00e9chit collectivement aux grands enjeux de sant\u00e9.<\/p>\r\n<p>Le SIDIIEF et Mercy Ships Canada partagent des valeurs communes d&#8217;acc\u00e8s aux soins, de solidarit\u00e9, de renforcement des comp\u00e9tences et d&#8217;am\u00e9lioration de la sant\u00e9 des populations, le tout dans une optique de d\u00e9veloppement durable.<\/p>\r\n\t\t\t<a href=\"https:\/\/sidiief.org\/\" target=\"_blank\" rel=\"noopener\">\r\n\t\t\t\t\t\t\tEn savoir plus sur le sidiief\r\n\t\t\t\t\t<\/a>\r\n\t\t\t\t<img decoding=\"async\" src=\"https:\/\/mercyships.ca\/wp-content\/uploads\/2024\/09\/SNB200219_OSSEYNOU_PAT09395_KENT_GRIFFIOEN_REHAB_JS001-PS2500.jpg\" alt=\"SNB200219_OSSEYNOU_PAT09395_KENT_GRIFFIOEN_REHAB_JS001 PS2500\" itemprop=\"image\" height=\"983\" width=\"2500\" title=\"SNB200219_OSSEYNOU_PAT09395_KENT_GRIFFIOEN_REHAB_JS001 PS2500\" onerror=\"this.style.display='none'\" loading='lazy' \/>\r\n\r\n","protected":false},"excerpt":{"rendered":"<p>8\u00e8me Congr\u00e8s du SIDIIEF Les congr\u00e8s mondiaux triennaux du SIDIIEF sont les rendez-vous attendus de la profession infirmi\u00e8re : plus [&hellip;]<\/p>\n","protected":false},"author":3,"featured_media":7125,"parent":0,"menu_order":0,"comment_status":"closed","ping_status":"closed","template":"","meta":{"_acf_changed":false,"_seopress_robots_primary_cat":"","_seopress_titles_title":"","_seopress_titles_desc":"Pendant 4 jours, vous assisterez \u00e0 une programmation unique d\u2019experts qui proposent des r\u00e9ponses innovantes aux grands enjeux de sant\u00e9.","_seopress_robots_index":"","site-sidebar-layout":"no-sidebar","site-content-layout":"page-builder","ast-site-content-layout":"default","site-content-style":"default","site-sidebar-style":"default","ast-global-header-display":"","ast-banner-title-visibility":"","ast-main-header-display":"","ast-hfb-above-header-display":"","ast-hfb-below-header-display":"","ast-hfb-mobile-header-display":"","site-post-title":"disabled","ast-breadcrumbs-content":"","ast-featured-img":"disabled","footer-sml-layout":"","ast-disable-related-posts":"","theme-transparent-header-meta":"default","adv-header-id-meta":"","stick-header-meta":"default","header-above-stick-meta":"","header-main-stick-meta":"","header-below-stick-meta":"","astra-migrate-meta-layouts":"set","ast-page-background-enabled":"default","ast-page-background-meta":{"desktop":{"background-color":"var(--ast-global-color-4)","background-image":"","background-repeat":"repeat","background-position":"center center","background-size":"auto","background-attachment":"scroll","background-type":"","background-media":"","overlay-type":"","overlay-color":"","overlay-opacity":"","overlay-gradient":""},"tablet":{"background-color":"","background-image":"","background-repeat":"repeat","background-position":"center center","background-size":"auto","background-attachment":"scroll","background-type":"","background-media":"","overlay-type":"","overlay-color":"","overlay-opacity":"","overlay-gradient":""},"mobile":{"background-color":"","background-image":"","background-repeat":"repeat","background-position":"center center","background-size":"auto","background-attachment":"scroll","background-type":"","background-media":"","overlay-type":"","overlay-color":"","overlay-opacity":"","overlay-gradient":""}},"ast-content-background-meta":{"desktop":{"background-color":"var(--ast-global-color-5)","background-image":"","background-repeat":"repeat","background-position":"center center","background-size":"auto","background-attachment":"scroll","background-type":"","background-media":"","overlay-type":"","overlay-color":"","overlay-opacity":"","overlay-gradient":""},"tablet":{"background-color":"var(--ast-global-color-5)","background-image":"","background-repeat":"repeat","background-position":"center center","background-size":"auto","background-attachment":"scroll","background-type":"","background-media":"","overlay-type":"","overlay-color":"","overlay-opacity":"","overlay-gradient":""},"mobile":{"background-color":"var(--ast-global-color-5)","background-image":"","background-repeat":"repeat","background-position":"center center","background-size":"auto","background-attachment":"scroll","background-type":"","background-media":"","overlay-type":"","overlay-color":"","overlay-opacity":"","overlay-gradient":""}},"footnotes":""},"class_list":["post-7119","page","type-page","status-publish","has-post-thumbnail","hentry"],"acf":[],"_links":{"self":[{"href":"https:\/\/mercyships.ca\/en\/wp-json\/wp\/v2\/pages\/7119","targetHints":{"allow":["GET"]}}],"collection":[{"href":"https:\/\/mercyships.ca\/en\/wp-json\/wp\/v2\/pages"}],"about":[{"href":"https:\/\/mercyships.ca\/en\/wp-json\/wp\/v2\/types\/page"}],"author":[{"embeddable":true,"href":"https:\/\/mercyships.ca\/en\/wp-json\/wp\/v2\/users\/3"}],"replies":[{"embeddable":true,"href":"https:\/\/mercyships.ca\/en\/wp-json\/wp\/v2\/comments?post=7119"}],"version-history":[{"count":5,"href":"https:\/\/mercyships.ca\/en\/wp-json\/wp\/v2\/pages\/7119\/revisions"}],"predecessor-version":[{"id":12312,"href":"https:\/\/mercyships.ca\/en\/wp-json\/wp\/v2\/pages\/7119\/revisions\/12312"}],"wp:featuredmedia":[{"embeddable":true,"href":"https:\/\/mercyships.ca\/en\/wp-json\/wp\/v2\/media\/7125"}],"wp:attachment":[{"href":"https:\/\/mercyships.ca\/en\/wp-json\/wp\/v2\/media?parent=7119"}],"curies":[{"name":"wp","href":"https:\/\/api.w.org\/{rel}","templated":true}]}}