{"id":4908,"date":"2024-09-02T16:07:33","date_gmt":"2024-09-02T23:07:33","guid":{"rendered":"https:\/\/mercyships.onpressidium.com\/?page_id=4908"},"modified":"2025-12-04T02:34:42","modified_gmt":"2025-12-04T10:34:42","slug":"churches","status":"publish","type":"page","link":"https:\/\/mercyships.ca\/en\/churches\/","title":{"rendered":"Volunteer Opportunities for Church Groups | Mercy Ships Canada"},"content":{"rendered":"\n\n\t\t\t\t<img decoding=\"async\" src=\"https:\/\/mercyships.ca\/wp-content\/uploads\/2024\/09\/header-kirchen-gemeinden-gebet-gesang-hafen-PS2500.jpg\" alt=\"Church group volunteering for Mercy Ships\" itemprop=\"image\" height=\"679\" width=\"2500\" title=\"header-kirchen-gemeinden-gebet-gesang-hafen PS2500\" onerror=\"this.style.display='none'\" loading=\"lazy\" \/>\n<h1>\n\t\t\tVolunteer Opportunities for Church Groups with Mercy Ships\t<\/h1>\n\t<p>Looking for meaningful volunteer opportunities for church groups? Mercy Ships offers ways for churches to serve globally-through crew recruitment, fundraising, prayer, and sharing our mission with your congregation.<\/p>\n<h2>\n\t\t\tMercy Ships Canada is able to exist only because of our church supporters.\t<\/h2>\n\t<p><strong>By supporters we mean those who donate their time and money, but our definition goes beyond that.<\/strong><\/p>\n<p>A supporter is a social media ambassador who shares our stories with their networks. A supporter is someone who requests a speaker for their church or workplace. A supporter is someone who talks about our mission with their friends, neighbours and communities.<\/p>\n<p>While those who donate their time and money are crucial to our mission, we rely on a much greater network to fulfil our goals. There are many ways to support Mercy Ships beyond volunteering and donating money.<\/p>\n<h2>\n\t\t\tHow Your Church Group Can Volunteer with Mercy Ships\t<\/h2>\n\t<h4>Churches are the driving force behind Mercy Ships. From crew recruitment to awareness raising, financial support to prayer, we need your church&#8217;s active participation to increase our reach to those in need.<\/h4>\n<h4>Host an event or speak to your congregation about the transformational impact of Mercy Ships.<\/h4>\n<p>&nbsp;<\/p>\n\t\t\t\t<a href=\"https:\/\/mercyships.ca\/direct-surgical-services-medical-equipment\/\"  target=\"_self\" itemprop=\"url\">\n\t\t\t\t<img decoding=\"async\" src=\"https:\/\/mercyships.ca\/wp-content\/uploads\/2024\/09\/ms-icon-med-cercle_Screening.svg\" alt=\"ms-icon-med-cercle_Screening\" itemprop=\"image\" height=\"150\" width=\"150\" title=\"ms-icon-med-cercle_Screening\" onerror=\"this.style.display='none'\" loading=\"lazy\" \/>\n\t\t\t\t<\/a>\n<h3>\n\t\t\tCrew Recruitment\t<\/h3>\n\t<p>Churches are an integral part of crew recruitment for Mercy Ships. Our age limit is 18 to 70 years of age. Our medical and non-medical roles are split almost 50\/50, and there is a position for almost every skill set. Encourage your faith community to step in this mission of redemption &amp; restoration to play their part in bringing this reality for hundreds of families in Africa. <strong><a href=\"https:\/\/mercyships.ca\/volunteer\/\">Learn more<\/a><\/strong><\/p>\n\t\t\t\t<a href=\"https:\/\/mercyships.ca\/direct-surgical-services-medical-equipment\/\"  target=\"_self\" itemprop=\"url\">\n\t\t\t\t<img decoding=\"async\" src=\"https:\/\/mercyships.ca\/wp-content\/uploads\/2024\/09\/ms-icon-gen-cercle_Speaker.svg\" alt=\"ms-icon-gen-cercle_Speaker\" itemprop=\"image\" height=\"150\" width=\"150\" title=\"ms-icon-gen-cercle_Speaker\" onerror=\"this.style.display='none'\" loading=\"lazy\" \/>\n\t\t\t\t<\/a>\n<h3>\n\t\t\tAwareness Opportunities\t<\/h3>\n\t<p>Not overly familiar with the work of Mercy Ships? Why not host a Mercy Minute in your congregation by using one of our amazing videos?<\/p>\n\t\t\t<a href=\"https:\/\/www.youtube.com\/channel\/UCn9HxMjxc4wBGFspMR6-c4A\" target=\"_blank\" rel=\"noopener\">\n\t\t\t\t\t\tSee Video Library\n\t\t\t\t\t<\/a>\n\t\t\t\t<img decoding=\"async\" src=\"https:\/\/mercyships.ca\/wp-content\/uploads\/2024\/09\/ms-icon-gen-cercle_Give.svg\" alt=\"ms-icon-gen-cercle_Give\" itemprop=\"image\" height=\"150\" width=\"150\" title=\"ms-icon-gen-cercle_Give\" onerror=\"this.style.display='none'\" loading=\"lazy\" \/>\n<h3>\n\t\t\tFinancial Support\t<\/h3>\n\t<p>There are so many ways your church can help raise funds for the life-transforming work of Mercy Ships.<\/p>\n<strong>Church Collection<\/strong><br \/>\nChoose a Sunday where a special collection is designated for the work of Mercy Ships. A customized bulletin insert can be created to help you publicize this special offering.\n<strong>Special Church Event for Mercy Ships<\/strong><br \/>\nWhy not host a soup lunch for Mercy Ships? A pancake breakfast? A potluck dinner? Car wash, second-hand market or Choir Concert? Your creativity is the limit! Where geographically possible, a Mercy Ships Alumni Speaker may be available to help.\n<strong>Vacation Bible School<\/strong><br \/>\nDesignate Mercy Ships as the charity of choice for your bible school. We have materials to help you make it happen, including colouring sheets, origami ship templates, crew blogs, patient and crew videos, and much more!\n\t\t\t\t<a href=\"https:\/\/mercyships.ca\/direct-surgical-services-medical-equipment\/\"  target=\"_self\" itemprop=\"url\">\n\t\t\t\t<img decoding=\"async\" src=\"https:\/\/mercyships.ca\/wp-content\/uploads\/2024\/08\/ms-icon-gen-cercle_Prayer.svg\" alt=\"ms-icon-gen-cercle_Prayer\" itemprop=\"image\" height=\"150\" width=\"150\" title=\"ms-icon-gen-cercle_Prayer\" onerror=\"this.style.display='none'\" loading=\"lazy\" \/>\n\t\t\t\t<\/a>\n<h3>\n\t\t\tPray With Us\t<\/h3>\n<h4>\n\t\t\t&#8220;Ask, and it will be given to you, seek and you will find; knock, and it will be opened to you.&#8221;\t<\/h4>\n\t<p>Join with us as a church, family or individual to pray for the work of Mercy Ships and all the people who make our mission a reality every day.<\/p>\n\t<h4>Your faithful prayers will help our crew, patients and our ships along in our journey of providing free surgeries, healthcare training and spiritual support to those in Africa.<\/h4>\n\t\t\t\t\t\t<figure>\n\t\t\t\t\t\t\t<img loading=\"lazy\" decoding=\"async\" src=\"https:\/\/mercyships.ca\/wp-content\/uploads\/2024\/09\/patientenbericht-david-nach-op-zuhause-portrait-licht-757x520-1.jpg\" alt=\"David\" srcset=\"https:\/\/mercyships.ca\/wp-content\/uploads\/2024\/09\/patientenbericht-david-nach-op-zuhause-portrait-licht-757x520-1.jpg 757w, https:\/\/mercyships.ca\/wp-content\/uploads\/2024\/09\/patientenbericht-david-nach-op-zuhause-portrait-licht-757x520-1-300x206.jpg 300w, https:\/\/mercyships.ca\/wp-content\/uploads\/2024\/09\/patientenbericht-david-nach-op-zuhause-portrait-licht-757x520-1-18x12.jpg 18w\" width=\"757\" height=\"520\" \/>\n\t\t\t\t\t\t\t\t\t\t\t\t\t\t\t<!-- Overlay Wrapper -->\n\t\t\t\t\t\t\t\t\t\t\tDavid after his surgery. \u00a9 Mercy Ships\n\t\t\t\t\t\t\t\t\t\t\t\t\t\t\t\t\t <!-- Overlay Wrapper Closed -->\n\t\t\t\t\t\t\t\t\t\t\t\t\t<\/figure>\n\t\t\t\t\t\t<figure>\n\t\t\t\t\t\t\t<img loading=\"lazy\" decoding=\"async\" src=\"https:\/\/mercyships.ca\/wp-content\/uploads\/2025\/08\/DSC04252-Copy.jpg\" alt=\"Faith group exploring volunteer opportunities\" srcset=\"https:\/\/mercyships.ca\/wp-content\/uploads\/2025\/08\/DSC04252-Copy.jpg 800w, https:\/\/mercyships.ca\/wp-content\/uploads\/2025\/08\/DSC04252-Copy-300x200.jpg 300w, https:\/\/mercyships.ca\/wp-content\/uploads\/2025\/08\/DSC04252-Copy-768x512.jpg 768w, https:\/\/mercyships.ca\/wp-content\/uploads\/2025\/08\/DSC04252-Copy-18x12.jpg 18w\" width=\"800\" height=\"533\" \/>\n\t\t\t\t\t\t\t\t\t\t\t\t\t\t\t<!-- Overlay Wrapper -->\n\t\t\t\t\t\t\t\t\t\t\t\u00c9quipe du SIDIIEF lors d&#8217;un \u00e9v\u00e8nement \u00e0 Montr\u00e9al en juin 2023.\n\t\t\t\t\t\t\t\t\t\t\t\t\t\t\t\t\t <!-- Overlay Wrapper Closed -->\n\t\t\t\t\t\t\t\t\t\t\t\t\t<\/figure>\n\t\t\t\t\t\n","protected":false},"excerpt":{"rendered":"<p>Volunteer Opportunities for Church Groups with Mercy Ships Looking for meaningful volunteer opportunities for church groups? Mercy Ships offers ways [&hellip;]<\/p>\n","protected":false},"author":3,"featured_media":4917,"parent":0,"menu_order":0,"comment_status":"closed","ping_status":"closed","template":"","meta":{"_acf_changed":false,"_seopress_robots_primary_cat":"","_seopress_titles_title":"","_seopress_titles_desc":"Churches are the driving force behind Mercy Ships. Host an event or speak to your congregation about our transformational impact.","_seopress_robots_index":"","site-sidebar-layout":"no-sidebar","site-content-layout":"page-builder","ast-site-content-layout":"default","site-content-style":"default","site-sidebar-style":"default","ast-global-header-display":"","ast-banner-title-visibility":"disabled","ast-main-header-display":"","ast-hfb-above-header-display":"","ast-hfb-below-header-display":"","ast-hfb-mobile-header-display":"","site-post-title":"disabled","ast-breadcrumbs-content":"","ast-featured-img":"disabled","footer-sml-layout":"","ast-disable-related-posts":"","theme-transparent-header-meta":"default","adv-header-id-meta":"","stick-header-meta":"default","header-above-stick-meta":"","header-main-stick-meta":"","header-below-stick-meta":"","astra-migrate-meta-layouts":"set","ast-page-background-enabled":"default","ast-page-background-meta":{"desktop":{"background-color":"var(--ast-global-color-4)","background-image":"","background-repeat":"repeat","background-position":"center center","background-size":"auto","background-attachment":"scroll","background-type":"","background-media":"","overlay-type":"","overlay-color":"","overlay-opacity":"","overlay-gradient":""},"tablet":{"background-color":"","background-image":"","background-repeat":"repeat","background-position":"center center","background-size":"auto","background-attachment":"scroll","background-type":"","background-media":"","overlay-type":"","overlay-color":"","overlay-opacity":"","overlay-gradient":""},"mobile":{"background-color":"","background-image":"","background-repeat":"repeat","background-position":"center center","background-size":"auto","background-attachment":"scroll","background-type":"","background-media":"","overlay-type":"","overlay-color":"","overlay-opacity":"","overlay-gradient":""}},"ast-content-background-meta":{"desktop":{"background-color":"var(--ast-global-color-5)","background-image":"","background-repeat":"repeat","background-position":"center center","background-size":"auto","background-attachment":"scroll","background-type":"","background-media":"","overlay-type":"","overlay-color":"","overlay-opacity":"","overlay-gradient":""},"tablet":{"background-color":"var(--ast-global-color-5)","background-image":"","background-repeat":"repeat","background-position":"center center","background-size":"auto","background-attachment":"scroll","background-type":"","background-media":"","overlay-type":"","overlay-color":"","overlay-opacity":"","overlay-gradient":""},"mobile":{"background-color":"var(--ast-global-color-5)","background-image":"","background-repeat":"repeat","background-position":"center center","background-size":"auto","background-attachment":"scroll","background-type":"","background-media":"","overlay-type":"","overlay-color":"","overlay-opacity":"","overlay-gradient":""}},"footnotes":""},"class_list":["post-4908","page","type-page","status-publish","has-post-thumbnail","hentry"],"acf":[],"_links":{"self":[{"href":"https:\/\/mercyships.ca\/en\/wp-json\/wp\/v2\/pages\/4908","targetHints":{"allow":["GET"]}}],"collection":[{"href":"https:\/\/mercyships.ca\/en\/wp-json\/wp\/v2\/pages"}],"about":[{"href":"https:\/\/mercyships.ca\/en\/wp-json\/wp\/v2\/types\/page"}],"author":[{"embeddable":true,"href":"https:\/\/mercyships.ca\/en\/wp-json\/wp\/v2\/users\/3"}],"replies":[{"embeddable":true,"href":"https:\/\/mercyships.ca\/en\/wp-json\/wp\/v2\/comments?post=4908"}],"version-history":[{"count":5,"href":"https:\/\/mercyships.ca\/en\/wp-json\/wp\/v2\/pages\/4908\/revisions"}],"predecessor-version":[{"id":13611,"href":"https:\/\/mercyships.ca\/en\/wp-json\/wp\/v2\/pages\/4908\/revisions\/13611"}],"wp:featuredmedia":[{"embeddable":true,"href":"https:\/\/mercyships.ca\/en\/wp-json\/wp\/v2\/media\/4917"}],"wp:attachment":[{"href":"https:\/\/mercyships.ca\/en\/wp-json\/wp\/v2\/media?parent=4908"}],"curies":[{"name":"wp","href":"https:\/\/api.w.org\/{rel}","templated":true}]}}