{"id":311,"date":"2024-07-22T07:02:40","date_gmt":"2024-07-22T14:02:40","guid":{"rendered":"https:\/\/mercyships.onpressidium.com\/?page_id=311"},"modified":"2026-04-07T05:12:11","modified_gmt":"2026-04-07T12:12:11","slug":"donation","status":"publish","type":"page","link":"https:\/\/mercyships.ca\/en\/donation\/","title":{"rendered":"Donation"},"content":{"rendered":"\n<h1>\n\t\t\tDonation\t<\/h1>\n\t<em>Vous avez de la difficult\u00e9 \u00e0 visionner ou \u00e0 soumettre ce formulaire de don ?<br \/>\nCliquez\u00a0<a href=\"https:\/\/interland3.donorperfect.net\/weblink\/weblink.aspx?name=mercyships&amp;id=102\" target=\"_blank\" rel=\"noopener noreferrer\">ici<\/a> pour faire un don (nouvelle fen\u00eatre).<\/em>\n\t<iframe loading=\"lazy\" src=\"https:\/\/interland3.donorperfect.net\/weblink\/weblink.aspx?name=mercyships&#038;id=101\" width=\"100%\" height=\"1270px\" data-gtm-yt-inspected-55881363_8=\"true\" data-gtm-yt-inspected-7=\"true\">Your browser does not support iframes.\n<\/iframe>\n\t<iframe loading=\"lazy\" src=\"https:\/\/interland3.donorperfect.net\/weblink\/weblink.aspx?name=mercyships&#038;id=102\" width=\"100%\" height=\"1270px\">Votre navigateur ne prend pas en charge les iframes.&nbsp;\n<\/iframe>\n<h3>\n\t\t\t\ud83d\udcf1 Donate now by phone (or questions) call toll free <br \/><strong>1-866-900-7447<\/strong>\t<\/h3>\n\t\t\t<a href=\"https:\/\/mercyships.ca\/donation\/options\/\"  target=\"_self\">\n\t\t\t\t\t\t\tMore Donation Options\n\t\t\t\t\t<\/a>\n<h3>\n\t\t\t\ud83d\udd12 Your transaction is secure and encrypted\t<\/h3>\n<figure itemscope itemtype=\"https:\/\/schema.org\/ImageObject\">\n\t\t\t\t<img decoding=\"async\" src=\"https:\/\/mercyships.ca\/wp-content\/uploads\/2024\/07\/SND230213_GLM_AFM_SAILING_GB001_HI-1024x576-1.jpg\" alt=\"Our Fleet\" height=\"576\" width=\"1024\" title=\"SND230213_GLM_AFM_SAILING_GB001_HI-1024x576\" onerror=\"this.style.display='none'\" loading=\"lazy\" \/>\n\t<\/figure>\n<h2>\n\t\t\tTwo Ships.<br \/>Double the Impact.\t<\/h2>\n\t<p>The\u00a0<em>Africa Mercy\u00ae<\/em>, the\u00a0<em>Global Mercy\u00ae<\/em>\u00a0more than double our ability to provide life-changing surgeries. Volunteers and dedicated classrooms train local medical professionals who then improve their healthcare system.<\/p>\n<figure itemscope itemtype=\"https:\/\/schema.org\/ImageObject\">\n\t\t\t\t<img decoding=\"async\" src=\"https:\/\/mercyships.ca\/wp-content\/uploads\/2024\/07\/Imagine-Canada-Colour-PS800.png\" alt=\"Imagine Canada Colour PS800\" height=\"517\" width=\"800\" title=\"Imagine Canada Colour PS800\" onerror=\"this.style.display='none'\" loading=\"lazy\" \/>\n\t<\/figure>\n\t<p><em>The Standards Program Trustmark is a mark of Imagine Canada used under license by Mercy Ships Canada.<\/em><\/p>\n\n","protected":false},"excerpt":{"rendered":"<p>Donation Vous avez de la difficult\u00e9 \u00e0 visionner ou \u00e0 soumettre ce formulaire de don ? Cliquez\u00a0ici pour faire un [&hellip;]<\/p>\n","protected":false},"author":3,"featured_media":5634,"parent":0,"menu_order":0,"comment_status":"closed","ping_status":"closed","template":"","meta":{"_acf_changed":false,"_seopress_robots_primary_cat":"","_seopress_titles_title":"","_seopress_titles_desc":"One surgery can change everything... Make a donation to Mercy Ships Canada today! Your gift helps transform lives.","_seopress_robots_index":"","site-sidebar-layout":"no-sidebar","site-content-layout":"page-builder","ast-site-content-layout":"full-width-container","site-content-style":"default","site-sidebar-style":"default","ast-global-header-display":"","ast-banner-title-visibility":"","ast-main-header-display":"","ast-hfb-above-header-display":"","ast-hfb-below-header-display":"","ast-hfb-mobile-header-display":"","site-post-title":"disabled","ast-breadcrumbs-content":"","ast-featured-img":"disabled","footer-sml-layout":"","ast-disable-related-posts":"","theme-transparent-header-meta":"default","adv-header-id-meta":"","stick-header-meta":"default","header-above-stick-meta":"","header-main-stick-meta":"","header-below-stick-meta":"","astra-migrate-meta-layouts":"set","ast-page-background-enabled":"default","ast-page-background-meta":{"desktop":{"background-color":"var(--ast-global-color-4)","background-image":"","background-repeat":"repeat","background-position":"center center","background-size":"auto","background-attachment":"scroll","background-type":"","background-media":"","overlay-type":"","overlay-color":"","overlay-opacity":"","overlay-gradient":""},"tablet":{"background-color":"","background-image":"","background-repeat":"repeat","background-position":"center center","background-size":"auto","background-attachment":"scroll","background-type":"","background-media":"","overlay-type":"","overlay-color":"","overlay-opacity":"","overlay-gradient":""},"mobile":{"background-color":"","background-image":"","background-repeat":"repeat","background-position":"center center","background-size":"auto","background-attachment":"scroll","background-type":"","background-media":"","overlay-type":"","overlay-color":"","overlay-opacity":"","overlay-gradient":""}},"ast-content-background-meta":{"desktop":{"background-color":"var(--ast-global-color-5)","background-image":"","background-repeat":"repeat","background-position":"center center","background-size":"auto","background-attachment":"scroll","background-type":"","background-media":"","overlay-type":"","overlay-color":"","overlay-opacity":"","overlay-gradient":""},"tablet":{"background-color":"var(--ast-global-color-5)","background-image":"","background-repeat":"repeat","background-position":"center center","background-size":"auto","background-attachment":"scroll","background-type":"","background-media":"","overlay-type":"","overlay-color":"","overlay-opacity":"","overlay-gradient":""},"mobile":{"background-color":"var(--ast-global-color-5)","background-image":"","background-repeat":"repeat","background-position":"center center","background-size":"auto","background-attachment":"scroll","background-type":"","background-media":"","overlay-type":"","overlay-color":"","overlay-opacity":"","overlay-gradient":""}},"footnotes":""},"class_list":["post-311","page","type-page","status-publish","has-post-thumbnail","hentry"],"acf":[],"_links":{"self":[{"href":"https:\/\/mercyships.ca\/en\/wp-json\/wp\/v2\/pages\/311","targetHints":{"allow":["GET"]}}],"collection":[{"href":"https:\/\/mercyships.ca\/en\/wp-json\/wp\/v2\/pages"}],"about":[{"href":"https:\/\/mercyships.ca\/en\/wp-json\/wp\/v2\/types\/page"}],"author":[{"embeddable":true,"href":"https:\/\/mercyships.ca\/en\/wp-json\/wp\/v2\/users\/3"}],"replies":[{"embeddable":true,"href":"https:\/\/mercyships.ca\/en\/wp-json\/wp\/v2\/comments?post=311"}],"version-history":[{"count":5,"href":"https:\/\/mercyships.ca\/en\/wp-json\/wp\/v2\/pages\/311\/revisions"}],"predecessor-version":[{"id":14649,"href":"https:\/\/mercyships.ca\/en\/wp-json\/wp\/v2\/pages\/311\/revisions\/14649"}],"wp:featuredmedia":[{"embeddable":true,"href":"https:\/\/mercyships.ca\/en\/wp-json\/wp\/v2\/media\/5634"}],"wp:attachment":[{"href":"https:\/\/mercyships.ca\/en\/wp-json\/wp\/v2\/media?parent=311"}],"curies":[{"name":"wp","href":"https:\/\/api.w.org\/{rel}","templated":true}]}}