{"id":2694,"date":"2024-08-22T15:54:32","date_gmt":"2024-08-22T22:54:32","guid":{"rendered":"https:\/\/mercyships.onpressidium.com\/?page_id=2694"},"modified":"2025-10-23T15:42:56","modified_gmt":"2025-10-23T22:42:56","slug":"volunteer-stories","status":"publish","type":"page","link":"https:\/\/mercyships.ca\/en\/impact-stories\/volunteer-stories\/","title":{"rendered":"Volunteer Stories"},"content":{"rendered":"\r\n\r\n\t\t\t\t<img loading=\"lazy\" decoding=\"async\" src=\"https:\/\/mercyships.ca\/wp-content\/uploads\/2024\/08\/featured-image-wide-patient-crew-herz-symbolbild-helfen-deck7-PS2500.jpg\" alt=\"featured-image-wide-patient-crew-herz-symbolbild-helfen-deck7 PS2500\" itemprop=\"image\" height=\"685\" width=\"2500\" title=\"featured-image-wide-patient-crew-herz-symbolbild-helfen-deck7 PS2500\" onerror=\"this.style.display='none'\"  \/>\r\n<h2>\r\n\t\tAn unforgettable adventure\r\n\t<\/h2>\r\n<h2>\r\n\t\tMeet our crew of volunteers!\r\n\t<\/h2>\r\n\t\t\t<a href=\"https:\/\/mercyships.ca\/donation\" target=\"_self\" rel=\"noopener\">\r\n\t\t\t\t\t\t\tMake a Donation\r\n\t\t\t\t\t<\/a>\r\n\t\t\t<a href=\"https:\/\/mercyships.ca\/volunteer\" target=\"_self\" rel=\"noopener\">\r\n\t\t\t\t\t\t\tVolunteer\r\n\t\t\t\t\t<\/a>\r\n\t<p>A global community of volunteers bringing hope and healing onboard the world&#8217;s largest fleet of non-governmental hospital ships. Short-term and long-term crew members who offer a wide range of expertise: seafarers, engineers, plumbers, carpenters, information technology staff, teachers, surgeons,\u00a0 nurses, dentists, cooks, photographers and more. Mercy Ships would not exist without our amazing volunteers!<\/p>\r\n<h2>\r\n\t\tVOLUNTEER STORIES\r\n\t<\/h2>\r\n\t\t<a href=\"https:\/\/mercyships.ca\/en\/volunteer\/mercy-ships-canada-volunteer-crew-recognized-for-dedication\/\" title=\"View Box Content\" target=\"_self\" aria-label=\"Post Element\" rel=\"noopener\"><\/a>\t\t\r\n\t\t\t\t\t\t\t\t\t\t\t\t\t\t<a href=\"https:\/\/mercyships.ca\/en\/volunteer\/mercy-ships-canada-volunteer-crew-recognized-for-dedication\/\" target=\"_self\" title=\"Mercy Ships Canada Volunteer Crew Recognized for Dedication\" rel=\"noopener\">\r\n\t\t\t\t<img decoding=\"async\" src=\"https:\/\/mercyships.ca\/wp-content\/uploads\/2024\/08\/SPX221203_AFRICA_MERCY_ARRIVAL_JM025_HI-1024x683.jpg\" alt=\"\" \/>\r\n\t\t\t\t<\/a>\r\n\t\t\t\t\t\t<h3>\r\n\t\t\t\t<a href=https:\/\/mercyships.ca\/en\/volunteer\/mercy-ships-canada-volunteer-crew-recognized-for-dedication\/ title=\"Mercy Ships Canada Volunteer Crew Recognized for Dedication\" tabindex=\"0\">Mercy Ships Canada Volunteer Crew Recognized for Dedication<\/a>\t\t\t<\/h3>\r\n\t\t\t\t\t\t\t<h5>\r\n\t\t\tApril 4, 2024\t\t\t\r\n\t\t\t\t\t\t\t<\/h5>\r\n\t\t\t\t\t\t\t\t\tGr\u00e2ce aux efforts des b\u00e9n\u00e9voles canadiens, Mercy Ships Canada a \u00e9t\u00e9 reconnue comme l&#8217;organisation internationale de soins de sant\u00e9 la plus d\u00e9vou\u00e9e dans le cadre des \u00ab 2024 Canadian Business Awards \u00bb.\r\n\t\t<a href=\"https:\/\/mercyships.ca\/en\/volunteer\/the-ripple-effect-of-volunteerism\/\" title=\"View Box Content\" target=\"_self\" aria-label=\"Post Element\" rel=\"noopener\"><\/a>\t\t\r\n\t\t\t\t\t\t\t\t\t\t\t\t\t\t<a href=\"https:\/\/mercyships.ca\/en\/volunteer\/the-ripple-effect-of-volunteerism\/\" target=\"_self\" title=\"The Ripple Effect of Volunteerism\" rel=\"noopener\">\r\n\t\t\t\t<img decoding=\"async\" src=\"https:\/\/mercyships.ca\/wp-content\/uploads\/2024\/01\/mercyships-canada-crew-3x2-1-1024x683.jpg\" alt=\"\" \/>\r\n\t\t\t\t<\/a>\r\n\t\t\t\t\t\t<h3>\r\n\t\t\t\t<a href=https:\/\/mercyships.ca\/en\/volunteer\/the-ripple-effect-of-volunteerism\/ title=\"The Ripple Effect of Volunteerism\" tabindex=\"0\">The Ripple Effect of Volunteerism<\/a>\t\t\t<\/h3>\r\n\t\t\t\t\t\t\t<h5>\r\n\t\t\tJanuary 22, 2024\t\t\t\r\n\t\t\t\t\t\t\t<\/h5>\r\n\t\t\t\t\t\t\t\t\tLorsqu&#8217;une personne choisit de faire du b\u00e9n\u00e9volat pour Mercy Ships, c&#8217;est toute une communaut\u00e9 qui est touch\u00e9e par cette d\u00e9cision&#8230;\r\n\t\t<a href=\"https:\/\/mercyships.ca\/en\/volunteer\/dave-albrecht\/\" title=\"View Box Content\" target=\"_self\" aria-label=\"Post Element\" rel=\"noopener\"><\/a>\t\t\r\n\t\t\t\t\t\t\t\t\t\t\t\t\t\t<a href=\"https:\/\/mercyships.ca\/en\/volunteer\/dave-albrecht\/\" target=\"_self\" title=\"Dave Albrecht\" rel=\"noopener\">\r\n\t\t\t\t<img decoding=\"async\" src=\"https:\/\/mercyships.ca\/wp-content\/uploads\/2023\/07\/volunteer-dave-albrecht-gallery-2-1024x704.jpg\" alt=\"\" \/>\r\n\t\t\t\t<\/a>\r\n\t\t\t\t\t\t<h3>\r\n\t\t\t\t<a href=https:\/\/mercyships.ca\/en\/volunteer\/dave-albrecht\/ title=\"Dave Albrecht\" tabindex=\"0\">Dave Albrecht<\/a>\t\t\t<\/h3>\r\n\t\t\t\t\t\t\t<h5>\r\n\t\t\tJuly 18, 2023\t\t\t\r\n\t\t\t\t\t\t\t<\/h5>\r\n\t\t\t\t\t\t\t\t\tHere is a story shared by Dave Albrecht, a Canadian Nurse volunteer who served with Mercy Ships in Sierra Leone in 2011.\r\n\t\t<a href=\"https:\/\/mercyships.ca\/en\/volunteer\/a-canadian-on-a-humanitarian-trip\/\" title=\"View Box Content\" target=\"_self\" aria-label=\"Post Element\" rel=\"noopener\"><\/a>\t\t\r\n\t\t\t\t\t\t\t\t\t\t\t\t\t\t<a href=\"https:\/\/mercyships.ca\/en\/volunteer\/a-canadian-on-a-humanitarian-trip\/\" target=\"_self\" title=\"Tara McHardy\" rel=\"noopener\">\r\n\t\t\t\t<img decoding=\"async\" src=\"https:\/\/mercyships.ca\/wp-content\/uploads\/2023\/07\/volunteer-tara-mchardy-gallery-1-1024x704-1.jpg\" alt=\"\" \/>\r\n\t\t\t\t<\/a>\r\n\t\t\t\t\t\t<h3>\r\n\t\t\t\t<a href=https:\/\/mercyships.ca\/en\/volunteer\/a-canadian-on-a-humanitarian-trip\/ title=\"Tara McHardy\" tabindex=\"0\">Tara McHardy<\/a>\t\t\t<\/h3>\r\n\t\t\t\t\t\t\t<h5>\r\n\t\t\tJuly 6, 2023\t\t\t\r\n\t\t\t\t\t\t\t<\/h5>\r\n\t\t\t\t\t\t\t\t\tMeet Tara on her humanitarian trip! Discover a Canadian nurse committed to humanitarian aid with Mercy Ships in Africa.\r\n\t\t<a href=\"https:\/\/mercyships.ca\/en\/volunteer\/a-french-speaking-canadian-on-board\/\" title=\"View Box Content\" target=\"_self\" aria-label=\"Post Element\" rel=\"noopener\"><\/a>\t\t\r\n\t\t\t\t\t\t\t\t\t\t\t\t\t\t<a href=\"https:\/\/mercyships.ca\/en\/volunteer\/a-french-speaking-canadian-on-board\/\" target=\"_self\" title=\"A French-speaking Canadian on board\" rel=\"noopener\">\r\n\t\t\t\t<img decoding=\"async\" src=\"https:\/\/mercyships.ca\/wp-content\/uploads\/2024\/08\/GLM211115_EQUIPPING_HOSPITALITY_TEAM_BRANDED_EF003_HI-scaled-e1650439834774-PS1800-1024x683.jpg\" alt=\"\" \/>\r\n\t\t\t\t<\/a>\r\n\t\t\t\t\t\t<h3>\r\n\t\t\t\t<a href=https:\/\/mercyships.ca\/en\/volunteer\/a-french-speaking-canadian-on-board\/ title=\"A French-speaking Canadian on board\" tabindex=\"0\">A French-speaking Canadian on board<\/a>\t\t\t<\/h3>\r\n\t\t\t\t\t\t\t<h5>\r\n\t\t\tFebruary 28, 2023\t\t\t\r\n\t\t\t\t\t\t\t<\/h5>\r\n\t\t\t\t\t\t\t\t\tPeople who meet C\u00e9line on board the Africa Mercy will hear a &#8220;Bonjour! Comment \u00e7a va?&#8221; or &#8220;Merci!&#8221; She is happy to greet other volunteers in French as they pass her by.\r\n\t\t<a href=\"https:\/\/mercyships.ca\/en\/volunteer\/a-canadian-family-abroad-for-humanitarian-work\/\" title=\"View Box Content\" target=\"_self\" aria-label=\"Post Element\" rel=\"noopener\"><\/a>\t\t\r\n\t\t\t\t\t\t\t\t\t\t\t\t\t\t<a href=\"https:\/\/mercyships.ca\/en\/volunteer\/a-canadian-family-abroad-for-humanitarian-work\/\" target=\"_self\" title=\"A Canadian family abroad for humanitarian work\" rel=\"noopener\">\r\n\t\t\t\t<img decoding=\"async\" src=\"https:\/\/mercyships.ca\/wp-content\/uploads\/2022\/11\/volunteer-kliewers-family-3x2-1.jpg\" alt=\"\" \/>\r\n\t\t\t\t<\/a>\r\n\t\t\t\t\t\t<h3>\r\n\t\t\t\t<a href=https:\/\/mercyships.ca\/en\/volunteer\/a-canadian-family-abroad-for-humanitarian-work\/ title=\"A Canadian family abroad for humanitarian work\" tabindex=\"0\">A Canadian family abroad for humanitarian work<\/a>\t\t\t<\/h3>\r\n\t\t\t\t\t\t\t<h5>\r\n\t\t\tNovember 8, 2022\t\t\t\r\n\t\t\t\t\t\t\t<\/h5>\r\n\t\t\t\t\t\t\t\t\tMeet the Kliewers! Discover a family committed to humanitarian work on our hospital ships in Africa with Mercy Ships.\r\n\t\t<a href=\"https:\/\/mercyships.ca\/en\/volunteer\/stephanie-bauman\/\" title=\"View Box Content\" target=\"_self\" aria-label=\"Post Element\" rel=\"noopener\"><\/a>\t\t\r\n\t\t\t\t\t\t\t\t\t\t\t\t\t\t<a href=\"https:\/\/mercyships.ca\/en\/volunteer\/stephanie-bauman\/\" target=\"_self\" title=\"Stephanie Bauman\" rel=\"noopener\">\r\n\t\t\t\t<img decoding=\"async\" src=\"https:\/\/mercyships.ca\/wp-content\/uploads\/2024\/09\/Steph_official-academy-PS1200-1024x683.jpg\" alt=\"\" \/>\r\n\t\t\t\t<\/a>\r\n\t\t\t\t\t\t<h3>\r\n\t\t\t\t<a href=https:\/\/mercyships.ca\/en\/volunteer\/stephanie-bauman\/ title=\"Stephanie Bauman\" tabindex=\"0\">Stephanie Bauman<\/a>\t\t\t<\/h3>\r\n\t\t\t\t\t\t\t<h5>\r\n\t\t\tMay 12, 2022\t\t\t\r\n\t\t\t\t\t\t\t<\/h5>\r\n\t\t\t\t\t\t\t\t\tMore than 10 years ago, a friend of Stephanie&#8217;s boarded the Africa Mercy. She witnessed the impact on her life and decided that one day it would be her turn. \r\n\t\t<a href=\"https:\/\/mercyships.ca\/en\/volunteer\/dr-sherif-emil\/\" title=\"View Box Content\" target=\"_self\" aria-label=\"Post Element\" rel=\"noopener\"><\/a>\t\t\r\n\t\t\t\t\t\t\t\t\t\t\t\t\t\t<a href=\"https:\/\/mercyships.ca\/en\/volunteer\/dr-sherif-emil\/\" target=\"_self\" title=\"Dr. Sherif Emil\" rel=\"noopener\">\r\n\t\t\t\t<img decoding=\"async\" src=\"https:\/\/mercyships.ca\/wp-content\/uploads\/2024\/09\/Gallery-Crew-Emil-portrait.jpg\" alt=\"Dr. Sherif Emil\" \/>\r\n\t\t\t\t<\/a>\r\n\t\t\t\t\t\t<h3>\r\n\t\t\t\t<a href=https:\/\/mercyships.ca\/en\/volunteer\/dr-sherif-emil\/ title=\"Dr. Sherif Emil\" tabindex=\"0\">Dr. Sherif Emil<\/a>\t\t\t<\/h3>\r\n\t\t\t\t\t\t\t<h5>\r\n\t\t\tSeptember 21, 2018\t\t\t\r\n\t\t\t\t\t\t\t<\/h5>\r\n\t\t\t\t\t\t\t\t\tDr. Emil is a professor of Pediatric Surgery at McGill University, the director of the Division of Pediatric General and Thoracic Surgery at the Montreal Children&#8217;s Hospital.\r\n\t\t<a href=\"https:\/\/mercyships.ca\/en\/volunteer\/mark-carew\/\" title=\"View Box Content\" target=\"_self\" aria-label=\"Post Element\" rel=\"noopener\"><\/a>\t\t\r\n\t\t\t\t\t\t\t\t\t\t\t\t\t\t<a href=\"https:\/\/mercyships.ca\/en\/volunteer\/mark-carew\/\" target=\"_self\" title=\"Mark Carew\" rel=\"noopener\">\r\n\t\t\t\t<img decoding=\"async\" src=\"https:\/\/mercyships.ca\/wp-content\/uploads\/2024\/09\/Gallery-Crew-Mark-Carew.jpeg\" alt=\"Captain Mark Carew\" \/>\r\n\t\t\t\t<\/a>\r\n\t\t\t\t\t\t<h3>\r\n\t\t\t\t<a href=https:\/\/mercyships.ca\/en\/volunteer\/mark-carew\/ title=\"Mark Carew\" tabindex=\"0\">Mark Carew<\/a>\t\t\t<\/h3>\r\n\t\t\t\t\t\t\t<h5>\r\n\t\t\tJune 5, 2018\t\t\t\r\n\t\t\t\t\t\t\t<\/h5>\r\n\t\t\t\t\t\t\t\t\tAfter retiring from the offshore oil and gas industry in 2014, 52-year-old Captain Mark Carew, from Fall River, Nova Scotia, started a new chapter in his life.\r\n<h2>\r\n\t\tVOLUNTEER STORIES\r\n\t<\/h2>\r\n\t\t<a href=\"https:\/\/mercyships.ca\/en\/volunteer\/deux-chirurgiens-quebecois-operent-benevolement-en-sierra-leone\/\" title=\"View Box Content\" target=\"_self\" aria-label=\"Post Element\" rel=\"noopener\"><\/a>\t\t\r\n\t\t\t\t\t\t\t\t\t\t\t\t\t\t<a href=\"https:\/\/mercyships.ca\/en\/volunteer\/deux-chirurgiens-quebecois-operent-benevolement-en-sierra-leone\/\" target=\"_self\" title=\"Deux chirurgiens Qu\u00e9b\u00e9cois op\u00e8rent b\u00e9n\u00e9volement en Sierra Leone\" rel=\"noopener\">\r\n\t\t\t\t<img decoding=\"async\" src=\"https:\/\/mercyships.ca\/wp-content\/uploads\/2024\/09\/Mercy-Ships-Lou-J_M-e1716455068382-PS1500-1024x683.jpg\" alt=\"The Laberge\" \/>\r\n\t\t\t\t<\/a>\r\n\t\t\t\t\t\t<h3>\r\n\t\t\t\t<a href=https:\/\/mercyships.ca\/en\/volunteer\/deux-chirurgiens-quebecois-operent-benevolement-en-sierra-leone\/ title=\"Deux chirurgiens Qu\u00e9b\u00e9cois op\u00e8rent b\u00e9n\u00e9volement en Sierra Leone\" tabindex=\"0\">Deux chirurgiens Qu\u00e9b\u00e9cois op\u00e8rent b\u00e9n\u00e9volement en Sierra Leone<\/a>\t\t\t<\/h3>\r\n\t\t\t\t\t\t\t<h5>\r\n\t\t\tJune 4, 2024\t\t\t\r\n\t\t\t\t\t\t\t<\/h5>\r\n\t\t\t\t\t\t\t\t\tEn avril 2024, le couple de chirurgiens qu\u00e9b\u00e9cois, Dr Jean-Martin Laberge et Dre Louise Caouette-Laberge, est mont\u00e9 \u00e0 bord du <em>Global Mercy<\/em> \u00e0 Freetown en Sierra Leone pour op\u00e9rer b\u00e9n\u00e9volement les patients. \r\n\t\t<a href=\"https:\/\/mercyships.ca\/en\/volunteer\/mercy-ships-canada-volunteer-crew-recognized-for-dedication\/\" title=\"View Box Content\" target=\"_self\" aria-label=\"Post Element\" rel=\"noopener\"><\/a>\t\t\r\n\t\t\t\t\t\t\t\t\t\t\t\t\t\t<a href=\"https:\/\/mercyships.ca\/en\/volunteer\/mercy-ships-canada-volunteer-crew-recognized-for-dedication\/\" target=\"_self\" title=\"Mercy Ships Canada Volunteer Crew Recognized for Dedication\" rel=\"noopener\">\r\n\t\t\t\t<img decoding=\"async\" src=\"https:\/\/mercyships.ca\/wp-content\/uploads\/2024\/08\/SPX221203_AFRICA_MERCY_ARRIVAL_JM025_HI-1024x683.jpg\" alt=\"\" \/>\r\n\t\t\t\t<\/a>\r\n\t\t\t\t\t\t<h3>\r\n\t\t\t\t<a href=https:\/\/mercyships.ca\/en\/volunteer\/mercy-ships-canada-volunteer-crew-recognized-for-dedication\/ title=\"Mercy Ships Canada Volunteer Crew Recognized for Dedication\" tabindex=\"0\">Mercy Ships Canada Volunteer Crew Recognized for Dedication<\/a>\t\t\t<\/h3>\r\n\t\t\t\t\t\t\t<h5>\r\n\t\t\tApril 4, 2024\t\t\t\r\n\t\t\t\t\t\t\t<\/h5>\r\n\t\t\t\t\t\t\t\t\tGr\u00e2ce aux efforts des b\u00e9n\u00e9voles canadiens, Mercy Ships Canada a \u00e9t\u00e9 reconnue comme l&#8217;organisation internationale de soins de sant\u00e9 la plus d\u00e9vou\u00e9e dans le cadre des \u00ab 2024 Canadian Business Awards \u00bb.\r\n\t\t<a href=\"https:\/\/mercyships.ca\/en\/volunteer\/the-ripple-effect-of-volunteerism\/\" title=\"View Box Content\" target=\"_self\" aria-label=\"Post Element\" rel=\"noopener\"><\/a>\t\t\r\n\t\t\t\t\t\t\t\t\t\t\t\t\t\t<a href=\"https:\/\/mercyships.ca\/en\/volunteer\/the-ripple-effect-of-volunteerism\/\" target=\"_self\" title=\"The Ripple Effect of Volunteerism\" rel=\"noopener\">\r\n\t\t\t\t<img decoding=\"async\" src=\"https:\/\/mercyships.ca\/wp-content\/uploads\/2024\/01\/mercyships-canada-crew-3x2-1-1024x683.jpg\" alt=\"\" \/>\r\n\t\t\t\t<\/a>\r\n\t\t\t\t\t\t<h3>\r\n\t\t\t\t<a href=https:\/\/mercyships.ca\/en\/volunteer\/the-ripple-effect-of-volunteerism\/ title=\"The Ripple Effect of Volunteerism\" tabindex=\"0\">The Ripple Effect of Volunteerism<\/a>\t\t\t<\/h3>\r\n\t\t\t\t\t\t\t<h5>\r\n\t\t\tJanuary 22, 2024\t\t\t\r\n\t\t\t\t\t\t\t<\/h5>\r\n\t\t\t\t\t\t\t\t\tLorsqu&#8217;une personne choisit de faire du b\u00e9n\u00e9volat pour Mercy Ships, c&#8217;est toute une communaut\u00e9 qui est touch\u00e9e par cette d\u00e9cision&#8230;\r\n\t\t<a href=\"https:\/\/mercyships.ca\/en\/volunteer\/dave-albrecht\/\" title=\"View Box Content\" target=\"_self\" aria-label=\"Post Element\" rel=\"noopener\"><\/a>\t\t\r\n\t\t\t\t\t\t\t\t\t\t\t\t\t\t<a href=\"https:\/\/mercyships.ca\/en\/volunteer\/dave-albrecht\/\" target=\"_self\" title=\"Dave Albrecht\" rel=\"noopener\">\r\n\t\t\t\t<img decoding=\"async\" src=\"https:\/\/mercyships.ca\/wp-content\/uploads\/2023\/07\/volunteer-dave-albrecht-gallery-2-1024x704.jpg\" alt=\"\" \/>\r\n\t\t\t\t<\/a>\r\n\t\t\t\t\t\t<h3>\r\n\t\t\t\t<a href=https:\/\/mercyships.ca\/en\/volunteer\/dave-albrecht\/ title=\"Dave Albrecht\" tabindex=\"0\">Dave Albrecht<\/a>\t\t\t<\/h3>\r\n\t\t\t\t\t\t\t<h5>\r\n\t\t\tJuly 18, 2023\t\t\t\r\n\t\t\t\t\t\t\t<\/h5>\r\n\t\t\t\t\t\t\t\t\tHere is a story shared by Dave Albrecht, a Canadian Nurse volunteer who served with Mercy Ships in Sierra Leone in 2011.\r\n\t\t<a href=\"https:\/\/mercyships.ca\/en\/volunteer\/a-canadian-on-a-humanitarian-trip\/\" title=\"View Box Content\" target=\"_self\" aria-label=\"Post Element\" rel=\"noopener\"><\/a>\t\t\r\n\t\t\t\t\t\t\t\t\t\t\t\t\t\t<a href=\"https:\/\/mercyships.ca\/en\/volunteer\/a-canadian-on-a-humanitarian-trip\/\" target=\"_self\" title=\"Tara McHardy\" rel=\"noopener\">\r\n\t\t\t\t<img decoding=\"async\" src=\"https:\/\/mercyships.ca\/wp-content\/uploads\/2023\/07\/volunteer-tara-mchardy-gallery-1-1024x704-1.jpg\" alt=\"\" \/>\r\n\t\t\t\t<\/a>\r\n\t\t\t\t\t\t<h3>\r\n\t\t\t\t<a href=https:\/\/mercyships.ca\/en\/volunteer\/a-canadian-on-a-humanitarian-trip\/ title=\"Tara McHardy\" tabindex=\"0\">Tara McHardy<\/a>\t\t\t<\/h3>\r\n\t\t\t\t\t\t\t<h5>\r\n\t\t\tJuly 6, 2023\t\t\t\r\n\t\t\t\t\t\t\t<\/h5>\r\n\t\t\t\t\t\t\t\t\tMeet Tara on her humanitarian trip! Discover a Canadian nurse committed to humanitarian aid with Mercy Ships in Africa.\r\n\t\t<a href=\"https:\/\/mercyships.ca\/en\/volunteer\/a-french-speaking-canadian-on-board\/\" title=\"View Box Content\" target=\"_self\" aria-label=\"Post Element\" rel=\"noopener\"><\/a>\t\t\r\n\t\t\t\t\t\t\t\t\t\t\t\t\t\t<a href=\"https:\/\/mercyships.ca\/en\/volunteer\/a-french-speaking-canadian-on-board\/\" target=\"_self\" title=\"A French-speaking Canadian on board\" rel=\"noopener\">\r\n\t\t\t\t<img decoding=\"async\" src=\"https:\/\/mercyships.ca\/wp-content\/uploads\/2024\/08\/GLM211115_EQUIPPING_HOSPITALITY_TEAM_BRANDED_EF003_HI-scaled-e1650439834774-PS1800-1024x683.jpg\" alt=\"\" \/>\r\n\t\t\t\t<\/a>\r\n\t\t\t\t\t\t<h3>\r\n\t\t\t\t<a href=https:\/\/mercyships.ca\/en\/volunteer\/a-french-speaking-canadian-on-board\/ title=\"A French-speaking Canadian on board\" tabindex=\"0\">A French-speaking Canadian on board<\/a>\t\t\t<\/h3>\r\n\t\t\t\t\t\t\t<h5>\r\n\t\t\tFebruary 28, 2023\t\t\t\r\n\t\t\t\t\t\t\t<\/h5>\r\n\t\t\t\t\t\t\t\t\tPeople who meet C\u00e9line on board the Africa Mercy will hear a &#8220;Bonjour! Comment \u00e7a va?&#8221; or &#8220;Merci!&#8221; She is happy to greet other volunteers in French as they pass her by.\r\n\t\t<a href=\"https:\/\/mercyships.ca\/en\/volunteer\/a-canadian-family-abroad-for-humanitarian-work\/\" title=\"View Box Content\" target=\"_self\" aria-label=\"Post Element\" rel=\"noopener\"><\/a>\t\t\r\n\t\t\t\t\t\t\t\t\t\t\t\t\t\t<a href=\"https:\/\/mercyships.ca\/en\/volunteer\/a-canadian-family-abroad-for-humanitarian-work\/\" target=\"_self\" title=\"A Canadian family abroad for humanitarian work\" rel=\"noopener\">\r\n\t\t\t\t<img decoding=\"async\" src=\"https:\/\/mercyships.ca\/wp-content\/uploads\/2022\/11\/volunteer-kliewers-family-3x2-1.jpg\" alt=\"\" \/>\r\n\t\t\t\t<\/a>\r\n\t\t\t\t\t\t<h3>\r\n\t\t\t\t<a href=https:\/\/mercyships.ca\/en\/volunteer\/a-canadian-family-abroad-for-humanitarian-work\/ title=\"A Canadian family abroad for humanitarian work\" tabindex=\"0\">A Canadian family abroad for humanitarian work<\/a>\t\t\t<\/h3>\r\n\t\t\t\t\t\t\t<h5>\r\n\t\t\tNovember 8, 2022\t\t\t\r\n\t\t\t\t\t\t\t<\/h5>\r\n\t\t\t\t\t\t\t\t\tMeet the Kliewers! Discover a family committed to humanitarian work on our hospital ships in Africa with Mercy Ships.\r\n\t\t<a href=\"https:\/\/mercyships.ca\/en\/volunteer\/stephanie-bauman\/\" title=\"View Box Content\" target=\"_self\" aria-label=\"Post Element\" rel=\"noopener\"><\/a>\t\t\r\n\t\t\t\t\t\t\t\t\t\t\t\t\t\t<a href=\"https:\/\/mercyships.ca\/en\/volunteer\/stephanie-bauman\/\" target=\"_self\" title=\"Stephanie Bauman\" rel=\"noopener\">\r\n\t\t\t\t<img decoding=\"async\" src=\"https:\/\/mercyships.ca\/wp-content\/uploads\/2024\/09\/Steph_official-academy-PS1200-1024x683.jpg\" alt=\"\" \/>\r\n\t\t\t\t<\/a>\r\n\t\t\t\t\t\t<h3>\r\n\t\t\t\t<a href=https:\/\/mercyships.ca\/en\/volunteer\/stephanie-bauman\/ title=\"Stephanie Bauman\" tabindex=\"0\">Stephanie Bauman<\/a>\t\t\t<\/h3>\r\n\t\t\t\t\t\t\t<h5>\r\n\t\t\tMay 12, 2022\t\t\t\r\n\t\t\t\t\t\t\t<\/h5>\r\n\t\t\t\t\t\t\t\t\tMore than 10 years ago, a friend of Stephanie&#8217;s boarded the Africa Mercy. She witnessed the impact on her life and decided that one day it would be her turn. \r\n\t\t<a href=\"https:\/\/mercyships.ca\/en\/volunteer\/dr-sherif-emil\/\" title=\"View Box Content\" target=\"_self\" aria-label=\"Post Element\" rel=\"noopener\"><\/a>\t\t\r\n\t\t\t\t\t\t\t\t\t\t\t\t\t\t<a href=\"https:\/\/mercyships.ca\/en\/volunteer\/dr-sherif-emil\/\" target=\"_self\" title=\"Dr. Sherif Emil\" rel=\"noopener\">\r\n\t\t\t\t<img decoding=\"async\" src=\"https:\/\/mercyships.ca\/wp-content\/uploads\/2024\/09\/Gallery-Crew-Emil-portrait.jpg\" alt=\"Dr. Sherif Emil\" \/>\r\n\t\t\t\t<\/a>\r\n\t\t\t\t\t\t<h3>\r\n\t\t\t\t<a href=https:\/\/mercyships.ca\/en\/volunteer\/dr-sherif-emil\/ title=\"Dr. Sherif Emil\" tabindex=\"0\">Dr. Sherif Emil<\/a>\t\t\t<\/h3>\r\n\t\t\t\t\t\t\t<h5>\r\n\t\t\tSeptember 21, 2018\t\t\t\r\n\t\t\t\t\t\t\t<\/h5>\r\n\t\t\t\t\t\t\t\t\tDr. Emil is a professor of Pediatric Surgery at McGill University, the director of the Division of Pediatric General and Thoracic Surgery at the Montreal Children&#8217;s Hospital.\r\n\t\t<a href=\"https:\/\/mercyships.ca\/en\/volunteer\/mark-carew\/\" title=\"View Box Content\" target=\"_self\" aria-label=\"Post Element\" rel=\"noopener\"><\/a>\t\t\r\n\t\t\t\t\t\t\t\t\t\t\t\t\t\t<a href=\"https:\/\/mercyships.ca\/en\/volunteer\/mark-carew\/\" target=\"_self\" title=\"Mark Carew\" rel=\"noopener\">\r\n\t\t\t\t<img decoding=\"async\" src=\"https:\/\/mercyships.ca\/wp-content\/uploads\/2024\/09\/Gallery-Crew-Mark-Carew.jpeg\" alt=\"Captain Mark Carew\" \/>\r\n\t\t\t\t<\/a>\r\n\t\t\t\t\t\t<h3>\r\n\t\t\t\t<a href=https:\/\/mercyships.ca\/en\/volunteer\/mark-carew\/ title=\"Mark Carew\" tabindex=\"0\">Mark Carew<\/a>\t\t\t<\/h3>\r\n\t\t\t\t\t\t\t<h5>\r\n\t\t\tJune 5, 2018\t\t\t\r\n\t\t\t\t\t\t\t<\/h5>\r\n\t\t\t\t\t\t\t\t\tAfter retiring from the offshore oil and gas industry in 2014, 52-year-old Captain Mark Carew, from Fall River, Nova Scotia, started a new chapter in his life.\r\n<h2>\r\n\t\tThe real change comes when we all work together.\r\n\t<\/h2>\r\n\t<p>No one should feel isolated from their community because they can&#8217;t access medical care. Help us bring hope and healing to those in need. So they can live with purpose and meaning in their communities.<\/p>\r\n\t\t\t<a href=\"https:\/\/mercyships.ca\/donation\" target=\"_self\" rel=\"noopener\">\r\n\t\t\t\t\t\t\tMake a Donation\r\n\t\t\t\t\t<\/a>\r\n\t\t\t<a href=\"https:\/\/mercyships.ca\/volunteer\" target=\"_self\" rel=\"noopener\">\r\n\t\t\t\t\t\t\tVolunteer\r\n\t\t\t\t\t<\/a>\r\n\r\n","protected":false},"excerpt":{"rendered":"<p>An unforgettable adventure Meet our crew of volunteers! Make a Donation Volunteer A global community of volunteers bringing hope and [&hellip;]<\/p>\n","protected":false},"author":3,"featured_media":2703,"parent":2688,"menu_order":0,"comment_status":"closed","ping_status":"closed","template":"","meta":{"_acf_changed":false,"_seopress_robots_primary_cat":"","_seopress_titles_title":"","_seopress_titles_desc":"Each year, volunteers from over 60 nations join together to make a difference in Africa. Meet our crew of volunteers!","_seopress_robots_index":"","site-sidebar-layout":"no-sidebar","site-content-layout":"page-builder","ast-site-content-layout":"default","site-content-style":"default","site-sidebar-style":"default","ast-global-header-display":"","ast-banner-title-visibility":"","ast-main-header-display":"","ast-hfb-above-header-display":"","ast-hfb-below-header-display":"","ast-hfb-mobile-header-display":"","site-post-title":"disabled","ast-breadcrumbs-content":"","ast-featured-img":"disabled","footer-sml-layout":"","ast-disable-related-posts":"","theme-transparent-header-meta":"default","adv-header-id-meta":"","stick-header-meta":"default","header-above-stick-meta":"","header-main-stick-meta":"","header-below-stick-meta":"","astra-migrate-meta-layouts":"set","ast-page-background-enabled":"default","ast-page-background-meta":{"desktop":{"background-color":"var(--ast-global-color-4)","background-image":"","background-repeat":"repeat","background-position":"center center","background-size":"auto","background-attachment":"scroll","background-type":"","background-media":"","overlay-type":"","overlay-color":"","overlay-opacity":"","overlay-gradient":""},"tablet":{"background-color":"","background-image":"","background-repeat":"repeat","background-position":"center center","background-size":"auto","background-attachment":"scroll","background-type":"","background-media":"","overlay-type":"","overlay-color":"","overlay-opacity":"","overlay-gradient":""},"mobile":{"background-color":"","background-image":"","background-repeat":"repeat","background-position":"center center","background-size":"auto","background-attachment":"scroll","background-type":"","background-media":"","overlay-type":"","overlay-color":"","overlay-opacity":"","overlay-gradient":""}},"ast-content-background-meta":{"desktop":{"background-color":"var(--ast-global-color-5)","background-image":"","background-repeat":"repeat","background-position":"center center","background-size":"auto","background-attachment":"scroll","background-type":"","background-media":"","overlay-type":"","overlay-color":"","overlay-opacity":"","overlay-gradient":""},"tablet":{"background-color":"var(--ast-global-color-5)","background-image":"","background-repeat":"repeat","background-position":"center center","background-size":"auto","background-attachment":"scroll","background-type":"","background-media":"","overlay-type":"","overlay-color":"","overlay-opacity":"","overlay-gradient":""},"mobile":{"background-color":"var(--ast-global-color-5)","background-image":"","background-repeat":"repeat","background-position":"center center","background-size":"auto","background-attachment":"scroll","background-type":"","background-media":"","overlay-type":"","overlay-color":"","overlay-opacity":"","overlay-gradient":""}},"footnotes":""},"class_list":["post-2694","page","type-page","status-publish","has-post-thumbnail","hentry"],"acf":[],"_links":{"self":[{"href":"https:\/\/mercyships.ca\/en\/wp-json\/wp\/v2\/pages\/2694","targetHints":{"allow":["GET"]}}],"collection":[{"href":"https:\/\/mercyships.ca\/en\/wp-json\/wp\/v2\/pages"}],"about":[{"href":"https:\/\/mercyships.ca\/en\/wp-json\/wp\/v2\/types\/page"}],"author":[{"embeddable":true,"href":"https:\/\/mercyships.ca\/en\/wp-json\/wp\/v2\/users\/3"}],"replies":[{"embeddable":true,"href":"https:\/\/mercyships.ca\/en\/wp-json\/wp\/v2\/comments?post=2694"}],"version-history":[{"count":5,"href":"https:\/\/mercyships.ca\/en\/wp-json\/wp\/v2\/pages\/2694\/revisions"}],"predecessor-version":[{"id":8825,"href":"https:\/\/mercyships.ca\/en\/wp-json\/wp\/v2\/pages\/2694\/revisions\/8825"}],"up":[{"embeddable":true,"href":"https:\/\/mercyships.ca\/en\/wp-json\/wp\/v2\/pages\/2688"}],"wp:featuredmedia":[{"embeddable":true,"href":"https:\/\/mercyships.ca\/en\/wp-json\/wp\/v2\/media\/2703"}],"wp:attachment":[{"href":"https:\/\/mercyships.ca\/en\/wp-json\/wp\/v2\/media?parent=2694"}],"curies":[{"name":"wp","href":"https:\/\/api.w.org\/{rel}","templated":true}]}}